{"id":3,"date":"2025-02-12T10:05:35","date_gmt":"2025-02-12T10:05:35","guid":{"rendered":"https:\/\/sanoark.fi\/?page_id=3"},"modified":"2025-11-25T13:23:24","modified_gmt":"2025-11-25T13:23:24","slug":"privacy-policy","status":"publish","type":"page","link":"https:\/\/sanoark.fi\/?page_id=3","title":{"rendered":"tietosuoja"},"content":{"rendered":"<p>[et_pb_section fb_built=&#8221;1&#8243; admin_label=&#8221;section&#8221; _builder_version=&#8221;4.16&#8243; global_colors_info=&#8221;{}&#8221;][et_pb_row admin_label=&#8221;row&#8221; _builder_version=&#8221;4.16&#8243; background_size=&#8221;initial&#8221; background_position=&#8221;top_left&#8221; background_repeat=&#8221;repeat&#8221; global_colors_info=&#8221;{}&#8221;][et_pb_column type=&#8221;4_4&#8243; _builder_version=&#8221;4.16&#8243; custom_padding=&#8221;|||&#8221; global_colors_info=&#8221;{}&#8221; custom_padding__hover=&#8221;|||&#8221;][et_pb_text admin_label=&#8221;Text&#8221; _builder_version=&#8221;4.27.4&#8243; background_size=&#8221;initial&#8221; background_position=&#8221;top_left&#8221; background_repeat=&#8221;repeat&#8221; global_colors_info=&#8221;{}&#8221;]<\/p>\n<p><span style=\"font-size: xx-large;\"><b>Tietosuojaseloste<\/b><\/span><\/p>\n<p><span style=\"font-size: xx-large;\"><b><\/b><\/span><\/p>\n<p><b><\/b><\/p>\n<p><b>SANO Arkkitehdit Oy:n rekisteriseloste ja tietosuoja<\/b><\/p>\n<p>P\u00e4ivitetty 25.11.2025<\/p>\n<p><i><span><\/span><\/i><\/p>\n<p><b>Rekisterin yll\u00e4pit\u00e4j\u00e4<\/b><\/p>\n<p><span>SANO Arkkitehdit Oy<\/span><\/p>\n<p><span>Y-tunnus: 3147706-3<\/span><\/p>\n<p><span>Kokkokallionrinne 1 A 2,01380 Vantaa<\/span><\/p>\n<p>&nbsp;<\/p>\n<p><b>Rekisterin yhteyshenkil\u00f6<\/b><\/p>\n<p><span>Santtu Rothsten, <\/span><a href=\"mailto:saara.tahtinen@pending.fi\"><span>santtu.rothsten@sanoark.fi<\/span><\/a><\/p>\n<p>&nbsp;<\/p>\n<p><b>Rekisteriin liittyv\u00e4 sivusto<\/b><\/p>\n<ul>\n<li aria-level=\"1\"><span><a href=\"https:\/\/www.pending.fi\">https:\/\/www.sanoark.fi<\/a><\/span><\/li>\n<\/ul>\n<p><b>Rekisterin nimi ja yll\u00e4pidon peruste<\/b><\/p>\n<ul>\n<li aria-level=\"1\"><span>Henkil\u00f6tietolain \u00a719 mukainen asiakasrekisteri<\/span><\/li>\n<li aria-level=\"1\"><span>Yhteystietolomake (s\u00e4hk\u00f6postilista)<\/span><\/li>\n<li aria-level=\"1\"><span>Blogien kommenttilomakkeet (sis\u00e4lt\u00f6perusteiset s\u00e4hk\u00f6postilistat)<\/span><\/li>\n<\/ul>\n<p>&nbsp;<\/p>\n<p><b>Rekisterin k\u00e4ytt\u00f6tarkoitus<\/b><\/p>\n<p><span>Rekisteri koostuu sanoark.fi -sivuston k\u00e4ytt\u00e4jien antamista henkil\u00f6- ja yhteystiedoista. Rekisterin henkil\u00f6tietoja k\u00e4ytet\u00e4\u00e4n yhteydenpitoon s\u00e4hk\u00f6postilistalla oleviin k\u00e4ytt\u00e4jiin sek\u00e4 yrityksen ja asiakkaiden v\u00e4lisen asiakassuhteen hallintaan ja yll\u00e4pitoon.<\/span><\/p>\n<p><span>K\u00e4ytt\u00e4j\u00e4\u00e4 tiedotetaan sivustojen uutisista ja ajankohtaisista tapahtumista henkil\u00f6tietolain mukaisesti. K\u00e4ytt\u00e4j\u00e4 hyv\u00e4ksyy, ett\u00e4 yritys l\u00e4hett\u00e4\u00e4 s\u00e4hk\u00f6postin v\u00e4lityksell\u00e4 my\u00f6s suoramarkkinointi-, suoramainonta-, mielipide-, markkinointitutkimusmateriaalia ja\/tai muihin n\u00e4ihin rinnastettavia osoitteellisia l\u00e4hetyksi\u00e4.<\/span><\/p>\n<p><span>Asiakkaan, sivustok\u00e4vij\u00e4n, kursseille, valmennuksiin tai webinaareihin osallistuvien yritysten, yhteis\u00f6iden ja henkil\u00f6iden henkil\u00f6tietoja voidaan k\u00e4sitell\u00e4 seuraavia tarkoituksia varten:<\/span><\/p>\n<ul>\n<li aria-level=\"1\"><span>tuotteiden ja palveluiden markkinointi, myynti ja toteuttaminen sek\u00e4 tietojen tilastointi ja analysointi<\/span><\/li>\n<li aria-level=\"1\"><span>asiakassuhteen yll\u00e4pito, hoitaminen ja kehitt\u00e4minen<\/span><\/li>\n<li aria-level=\"1\"><span>asiakas- ja k\u00e4vij\u00e4tapahtumien varmentaminen<\/span><\/li>\n<li aria-level=\"1\"><span>asiakaspalvelun, toiminnan ja sivustojen kehitt\u00e4minen<\/span><\/li>\n<li aria-level=\"1\"><span>mielipide- ja markkinatutkimusten toteuttaminen<\/span><\/li>\n<li aria-level=\"1\"><span>j\u00e4lleenmarkkinointi k\u00e4ytt\u00e4en Facebookin, Instagramin, LinkedInin ja Twitterin sosiaalisen median markkinointiin tai s\u00e4hk\u00f6postimarkkinointiin tarkoitettuja ty\u00f6kaluja<\/span><\/li>\n<\/ul>\n<p>&nbsp;<\/p>\n<p><b>Mit\u00e4 henkil\u00f6tietoa ker\u00e4\u00e4mme ja miksi<\/b><\/p>\n<p><span>K\u00e4ytt\u00e4j\u00e4n\u00e4 sinusta voidaan ker\u00e4t\u00e4 seuraavia tietoja:<\/span><\/p>\n<ul>\n<li aria-level=\"1\"><span>Etunimi<\/span><\/li>\n<li aria-level=\"1\"><span>Sukunimi<\/span><\/li>\n<li aria-level=\"1\"><span>S\u00e4hk\u00f6postiosoite<\/span><\/li>\n<li aria-level=\"1\"><span>Yritysasiakkaan henkil\u00f6- ja\/tai yritystiedot (y-tunnus, s\u00e4hk\u00f6postiosoite, postiosoite, postitoimipaikka ja -numero)<\/span><\/li>\n<li aria-level=\"1\"><span>Asiakassuhteen yll\u00e4pitoa koskevat tiedot; asiakaspalautteet, yhteydenotot, peruutustiedot<\/span><\/li>\n<li aria-level=\"1\"><span>Sivuston k\u00e4ytt\u00e4j\u00e4n s\u00e4hk\u00f6postiviestit<\/span><\/li>\n<li aria-level=\"1\"><span>Sivuston k\u00e4ytt\u00e4j\u00e4n luvat ja suostumukset<\/span><\/li>\n<li aria-level=\"1\"><span>K\u00e4ytt\u00e4j\u00e4n k\u00e4ytt\u00f6tiedot, kuten esimerkiksi linkkien klikkaaminen, sivut tai postaukset joilla vierailet, toimintojen ajankohta.<\/span><\/li>\n<\/ul>\n<p>&nbsp;<\/p>\n<p><b>Yhteyshenkil\u00f6<\/b><\/p>\n<p><span>Kun sivuston k\u00e4ytt\u00e4j\u00e4t j\u00e4tt\u00e4v\u00e4t kommentteja sivustolle, ker\u00e4\u00e4mme kommenttilomakkeessa olevat tiedot, sek\u00e4 k\u00e4ytt\u00e4j\u00e4n IP-osoitteen ja selaimen versiotiedot roskaviestien tunnistamisen helpottamiseksi.<\/span><\/p>\n<p><span>Kun vierailijat j\u00e4tt\u00e4v\u00e4t kommentin t\u00e4lle sivustolle ker\u00e4\u00e4mme tiedon, joka on n\u00e4kyviss\u00e4 kommentointikentiss\u00e4, IP-osoitteen sek\u00e4 selaimen versioon liittyv\u00e4t tiedot.<\/span><\/p>\n<p>&nbsp;<\/p>\n<p><b>Media<\/b><\/p>\n<p><span>Mik\u00e4li lataat kuvia t\u00e4lle sivustolle, sinun tulee v\u00e4ltt\u00e4\u00e4 sellaisten kuvien lataamista, joissa on tallennettu paikkatieto (EXIF GPS). Sivuston vierailijat voivat ladata ja katsoa paikkatietoa kuvista, joita sivustolla on.<\/span><\/p>\n<p>&nbsp;<\/p>\n<p><b>Ev\u00e4steet<\/b><\/p>\n<p><span>Ev\u00e4steet ovat pieni\u00e4 tiedostoja, jotka tallentuvat k\u00e4ytt\u00e4m\u00e4si laitteen (tietokone\/mobiililaite) selaimeen. N\u00e4in yritys pystyy tunnistamaan k\u00e4vij\u00e4n, joka vierailee sivustolla useasti. Jokainen ev\u00e4ste vanhenee tietyn ajan kuluttua, riippuen sen k\u00e4ytt\u00f6tarkoituksesta. Kaupallisten sivustojen tapaan yritys k\u00e4ytt\u00e4\u00e4 omilla sivuillaan ev\u00e4steit\u00e4.\u00a0 K\u00e4ytt\u00e4m\u00e4ll\u00e4 yrityksen sivustoja annat suostumuksen ev\u00e4steiden k\u00e4ytt\u00f6\u00f6n t\u00e4ll\u00e4 sivustolla kuvatulla tavalla.<\/span><\/p>\n<p><span>Jos j\u00e4t\u00e4t kommentin sivustolle, voit valita nimen, s\u00e4hk\u00f6postiosoitteen ja url-osoitteen tallennuksen ev\u00e4steeseen. T\u00e4m\u00e4 toiminto lis\u00e4\u00e4 k\u00e4ytt\u00f6mukavuutta, koska lomaketta ei tarvitse t\u00e4ytt\u00e4\u00e4 jokaisella kerralla uudelleen kommenttia lis\u00e4tess\u00e4. Ev\u00e4stetieto poistetaan selaimesta vuoden kuluttua.<\/span><\/p>\n<p><span>Yritys k\u00e4ytt\u00e4\u00e4 seuraavia ev\u00e4steit\u00e4:<\/span><\/p>\n<ul>\n<li aria-level=\"1\"><span>analyysiev\u00e4steet (Google Analytics, tiedon avulla yritys parantaa sivuston toimivuutta)<\/span><\/li>\n<li aria-level=\"1\"><span>mahdollisesti kohdistetut- tai mainosev\u00e4steet (Facebook ja Google, mainonnan kustannustehokas k\u00e4ytt\u00f6, eiv\u00e4t sis\u00e4ll\u00e4 henkil\u00f6tietoja)<\/span><\/li>\n<\/ul>\n<p><span>Muut verkkosivustot, joille mahdollisia linkkej\u00e4 on, ker\u00e4\u00e4v\u00e4t ja hy\u00f6dynt\u00e4v\u00e4t ev\u00e4steit\u00e4 heid\u00e4n tarpeidensa mukaan. Sivuston k\u00e4ytt\u00e4j\u00e4n tulee itse hyv\u00e4ksy\u00e4 jokaisen sivuston ev\u00e4steet itse. Mik\u00e4li k\u00e4ytt\u00e4j\u00e4 ei hyv\u00e4ksy, ett\u00e4 h\u00e4nest\u00e4 ker\u00e4t\u00e4\u00e4n tietoja, kyseisen sivuston k\u00e4ytt\u00f6 tulee v\u00e4litt\u00f6m\u00e4sti lopettaa.<\/span><\/p>\n<p><span><\/span><\/p>\n<p><b>Muilta sivustoilta upotettu sis\u00e4lt\u00f6<\/b><\/p>\n<p><span>T\u00e4m\u00e4n sivuston artikkelit voivat sis\u00e4lt\u00e4\u00e4 upotettua sis\u00e4lt\u00f6\u00e4 (esimerkiksi videoita, kuvia, artikkeleita jne.). Toisilta sivustoilta tuodun upotetun sis\u00e4ll\u00f6n avaaminen on verrattavissa siihen, ett\u00e4 vierailija itse k\u00e4visi kolmannen osapuolen sivustolla.<\/span><\/p>\n<p><span>N\u00e4m\u00e4 sivustot voivat ker\u00e4t\u00e4 tietoa sinusta, k\u00e4ytt\u00e4\u00e4 ev\u00e4steit\u00e4, upottaa kolmannen osapuolen seurantaev\u00e4steit\u00e4 ja monitoroida vuorovaikutustasi upotetun sis\u00e4ll\u00f6n kanssa, mukaan lukien vuorovaikutuksen seuranta.<\/span><\/p>\n<p>&nbsp;<\/p>\n<p><b>Ev\u00e4steiden poistaminen<\/b><\/p>\n<p><span>Jos haluat poistaa ev\u00e4steit\u00e4 selaimesta tai est\u00e4\u00e4 niiden k\u00e4yt\u00f6n, sinulla on siihen t\u00e4ysi oikeus. Sinun kannattaa tutustua selaimesi asetuksiin, koska toimenpiteet ovat aina selainkohtaisia. On kuitenkin t\u00e4rke\u00e4\u00e4 huomata, ett\u00e4 jos p\u00e4\u00e4t\u00e4t toimia n\u00e4in, se saattaa vaikuttaa palveluiden tehokkaaseen k\u00e4ytt\u00f6\u00f6n. Sallimalla ev\u00e4steet varmistat sivustomme sujuvamman k\u00e4yt\u00f6n.<\/span><\/p>\n<p>&nbsp;<\/p>\n<p><b>Kuinka kauan s\u00e4ilyt\u00e4mme tietoa<\/b><\/p>\n<p><span>Mik\u00e4li j\u00e4t\u00e4t kommentin, kommenttia ja sen metatietoa s\u00e4ilytet\u00e4\u00e4n toistaiseksi. T\u00e4m\u00e4 tehd\u00e4\u00e4n siksi, ett\u00e4 voimme tunnistaa ja hyv\u00e4ksy\u00e4 seuraavat kommentit automaattisesti sen sijaan, ett\u00e4 s\u00e4ilytt\u00e4isimme ne moderointijonossa.<\/span><\/p>\n<p><span>Tallennamme rekister\u00f6ityneiden k\u00e4ytt\u00e4jien (jos sellaisia on) k\u00e4ytt\u00e4j\u00e4profiilien tiedot. Kaikilla k\u00e4ytt\u00e4jill\u00e4 on mahdollisuus n\u00e4hd\u00e4, muokata ja poistaa omia henkil\u00f6tietojaan milloin vain. Ainoastaan k\u00e4ytt\u00e4j\u00e4nime\u00e4 ei voi muuttaa. Verkkosivuston yll\u00e4pit\u00e4j\u00e4t voivat n\u00e4hd\u00e4 ja muokata k\u00e4ytt\u00e4j\u00e4profiilien tietoja.<\/span><\/p>\n<p>&nbsp;<\/p>\n<p><b>Mit\u00e4 oikeuksia sinulla on omaan tietoosi<\/b><\/p>\n<p><span>Mik\u00e4li olet j\u00e4tt\u00e4nyt kommentteja, voit pyyt\u00e4\u00e4 koostetiedostoa omista henkil\u00f6tiedoistasi, sis\u00e4lt\u00e4en kaiken henkil\u00f6tiedon, jonka olet meille antanut. Voit my\u00f6s pyyt\u00e4\u00e4 henkil\u00f6tietojesi poistoa. Oikeus omien tietojen poistoon ei koske sellaista henkil\u00f6tietoa, joka meid\u00e4n on s\u00e4ilytett\u00e4v\u00e4 yll\u00e4pidollisista, juridisista tai tietoturvaan liittyvist\u00e4 syist\u00e4.<\/span><\/p>\n<p>&nbsp;<\/p>\n<p><b>Minne l\u00e4het\u00e4mme tietosi<\/b><\/p>\n<p><span>Vierailijoiden kommentteja saatetaan tarkistaa automatisoidun roskapostiestopalvelun kautta.<\/span><\/p>\n<p>&nbsp;<\/p>\n<p><b>Tietojen luovutus<\/b><\/p>\n<p><span>Rekistereihin ker\u00e4ttyj\u00e4 tietoja ei luovuteta yrityksen ulkopuolelle markkinointi,- myynti-, mielipide- tai markkinatutkimustarkoituksiin. Henkil\u00f6tietoja voidaan kuitenkin luovuttaa Suomen lakien mukaisesti viranomaisille niin pyydett\u00e4ess\u00e4. Rekisteri on tallennettu tietoj\u00e4rjestelm\u00e4\u00e4n ja se on suojattu ja sijoitettu siten, ettei asiaankuulumattomilla tahoilla ole p\u00e4\u00e4sy\u00e4 rekisteritietoihin.<\/span><\/p>\n<p>&nbsp;<\/p>\n<p><b>Tietojen luovuttaminen ja tietojen siirto EU:n tai Euroopan talousalueen ulkopuolelle.<\/b><\/p>\n<p><span>S\u00e4hk\u00f6postilistalla olevien k\u00e4ytt\u00e4jien tietoja (etunimi, sukunimi ja s\u00e4hk\u00f6postiosoite) siirret\u00e4\u00e4n EU:n tai Euroopan talousalueen ulkopuolella oleville ohjelmistoille:<\/span><\/p>\n<ul>\n<li aria-level=\"1\"><span>Google Forms kyselylomakkeet<\/span><\/li>\n<\/ul>\n<p>&nbsp;<\/p>\n<p><b>Lis\u00e4tietoja<\/b><\/p>\n<p><span>Rekisteriin liittyviss\u00e4 kysymyksiss\u00e4 voit olla yhteydess\u00e4 s\u00e4hk\u00f6postilla info@sanoark.fi<\/span><\/p>\n<p>&nbsp;<\/p>\n<p><span>Rekisteriseloste ja tietosuoja p\u00e4ivitetty 25.11.2025<\/span><\/p>\n<p>&nbsp;<\/p>\n<p><b>Kuinka suojelemme henkil\u00f6tietojasi<\/b><\/p>\n<p><b>Miten toimimme tietomurron tapahtuessa<\/b><\/p>\n<p><span>Parhaista ponnisteluista huolimatta mik\u00e4\u00e4n internetin tiedonsiirtomenetelm\u00e4 tai s\u00e4hk\u00f6inen tallennusmuoto ei ole t\u00e4ysin turvallinen. Yritys ei voi taata t\u00e4ytt\u00e4 turvallisuutta. Jos yrityksen tietoon tulee tietoturvarikkomus, se ilmoittaa siit\u00e4 asianosaisille k\u00e4ytt\u00e4jille, jotta he voivat tehd\u00e4 tarvittavat suojaustoimenpiteet. Yritys sitoutuu ilmoittamaan asiakkailleen kaikista em. turvallisuutta koskevista asioista ja tarjoamaan heille kaikki tarvittavat tiedot, jotta he voisivat t\u00e4ytt\u00e4\u00e4 omat lakis\u00e4\u00e4teiset ilmoitusvelvollisuutensa.<\/span><\/p>\n<p>&nbsp;<\/p>\n<p><b>Kolmannet osapuolet, joilta saamme henkil\u00f6tietoa<\/b><\/p>\n<p><span>Sivuston sis\u00e4lt\u00f6, verkkovalmennukset, maksuttomat oppaat, blogipostaukset sek\u00e4 s\u00e4hk\u00f6postikirjeet voivat sis\u00e4lt\u00e4\u00e4 linkkej\u00e4 kolmansien osapuolten verkkosivustoille. Linkitetyt verkkosivustot eiv\u00e4t ole yrityksen hallinnassa, eik\u00e4 se vastaa kolmansien osapuolten verkkosivustojen sis\u00e4ll\u00f6st\u00e4 tai verkkosivustojen sis\u00e4lt\u00e4mist\u00e4 linkeist\u00e4.<\/span><\/p>\n<p><span>Jos k\u00e4ytt\u00e4j\u00e4 siirtyy linkitetylle verkkosivustolle, h\u00e4nen tulee tutustua kyseisen verkkosivuston yksityisyydensuojaperiaatteisiin, ev\u00e4steiden keruutietoihin ja muihin sovellettaviin k\u00e4ytt\u00f6ehtoihin itse.<\/span><\/p>\n<p>&nbsp;<\/p>\n<p><b>Rekisteriselosteen ja tietosuojan p\u00e4ivitt\u00e4minen<\/b><\/p>\n<p><span>Rekisteriseloste ja tietosuoja -sivu tarkistetaan kaksi kertaa vuodessa, jonka yhteydess\u00e4 ne voivat muuttua. Rekisteriselosteen ja tietosuojan viimeisin p\u00e4ivitysp\u00e4iv\u00e4 n\u00e4kyy t\u00e4m\u00e4n sivun yl\u00e4osassa ja alaosassa. K\u00e4ytt\u00e4m\u00e4ll\u00e4 sivustoja hyv\u00e4ksyt automaattisesti uuden tietosuojan ja rekisteriselosteen. Mik\u00e4li et hyv\u00e4ksy, silloin sivustojen k\u00e4ytt\u00f6 tulee v\u00e4litt\u00f6m\u00e4sti lopettaa.<\/span><\/p>\n<p>[\/et_pb_text][\/et_pb_column][\/et_pb_row][\/et_pb_section]<\/p>\n","protected":false},"excerpt":{"rendered":"<p>Tietosuojaseloste SANO Arkkitehdit Oy:n rekisteriseloste ja tietosuoja P\u00e4ivitetty 25.11.2025 Rekisterin yll\u00e4pit\u00e4j\u00e4 SANO Arkkitehdit Oy Y-tunnus: 3147706-3 Kokkokallionrinne 1 A 2,01380 Vantaa &nbsp; Rekisterin yhteyshenkil\u00f6 Santtu Rothsten, santtu.rothsten@sanoark.fi &nbsp; Rekisteriin liittyv\u00e4 sivusto https:\/\/www.sanoark.fi Rekisterin nimi ja yll\u00e4pidon peruste Henkil\u00f6tietolain \u00a719 mukainen asiakasrekisteri Yhteystietolomake (s\u00e4hk\u00f6postilista) Blogien kommenttilomakkeet (sis\u00e4lt\u00f6perusteiset s\u00e4hk\u00f6postilistat) &nbsp; Rekisterin k\u00e4ytt\u00f6tarkoitus Rekisteri koostuu sanoark.fi -sivuston k\u00e4ytt\u00e4jien [&hellip;]<\/p>\n","protected":false},"author":1,"featured_media":0,"parent":0,"menu_order":0,"comment_status":"closed","ping_status":"closed","template":"","meta":{"_et_pb_use_builder":"on","_et_pb_old_content":"<!-- wp:heading -->\n<h2 class=\"wp-block-heading\">Who we are<\/h2>\n<!-- \/wp:heading -->\n<!-- wp:paragraph -->\n<p><strong class=\"privacy-policy-tutorial\">Suggested text: <\/strong>Our website address is: https:\/\/pdenviron.fi.<\/p>\n<!-- \/wp:paragraph -->\n<!-- wp:heading -->\n<h2 class=\"wp-block-heading\">Comments<\/h2>\n<!-- \/wp:heading -->\n<!-- wp:paragraph -->\n<p><strong class=\"privacy-policy-tutorial\">Suggested text: <\/strong>When visitors leave comments on the site we collect the data shown in the comments form, and also the visitor&#8217;s IP address and browser user agent string to help spam detection.<\/p>\n<!-- \/wp:paragraph -->\n<!-- wp:paragraph -->\n<p>An anonymized string created from your email address (also called a hash) may be provided to the Gravatar service to see if you are using it. The Gravatar service privacy policy is available here: https:\/\/automattic.com\/privacy\/. After approval of your comment, your profile picture is visible to the public in the context of your comment.<\/p>\n<!-- \/wp:paragraph -->\n<!-- wp:heading -->\n<h2 class=\"wp-block-heading\">Media<\/h2>\n<!-- \/wp:heading -->\n<!-- wp:paragraph -->\n<p><strong class=\"privacy-policy-tutorial\">Suggested text: <\/strong>If you upload images to the website, you should avoid uploading images with embedded location data (EXIF GPS) included. Visitors to the website can download and extract any location data from images on the website.<\/p>\n<!-- \/wp:paragraph -->\n<!-- wp:heading -->\n<h2 class=\"wp-block-heading\">Cookies<\/h2>\n<!-- \/wp:heading -->\n<!-- wp:paragraph -->\n<p><strong class=\"privacy-policy-tutorial\">Suggested text: <\/strong>If you leave a comment on our site you may opt-in to saving your name, email address and website in cookies. These are for your convenience so that you do not have to fill in your details again when you leave another comment. These cookies will last for one year.<\/p>\n<!-- \/wp:paragraph -->\n<!-- wp:paragraph -->\n<p>If you visit our login page, we will set a temporary cookie to determine if your browser accepts cookies. This cookie contains no personal data and is discarded when you close your browser.<\/p>\n<!-- \/wp:paragraph -->\n<!-- wp:paragraph -->\n<p>When you log in, we will also set up several cookies to save your login information and your screen display choices. Login cookies last for two days, and screen options cookies last for a year. If you select &quot;Remember Me&quot;, your login will persist for two weeks. If you log out of your account, the login cookies will be removed.<\/p>\n<!-- \/wp:paragraph -->\n<!-- wp:paragraph -->\n<p>If you edit or publish an article, an additional cookie will be saved in your browser. This cookie includes no personal data and simply indicates the post ID of the article you just edited. It expires after 1 day.<\/p>\n<!-- \/wp:paragraph -->\n<!-- wp:heading -->\n<h2 class=\"wp-block-heading\">Embedded content from other websites<\/h2>\n<!-- \/wp:heading -->\n<!-- wp:paragraph -->\n<p><strong class=\"privacy-policy-tutorial\">Suggested text: <\/strong>Articles on this site may include embedded content (e.g. videos, images, articles, etc.). Embedded content from other websites behaves in the exact same way as if the visitor has visited the other website.<\/p>\n<!-- \/wp:paragraph -->\n<!-- wp:paragraph -->\n<p>These websites may collect data about you, use cookies, embed additional third-party tracking, and monitor your interaction with that embedded content, including tracking your interaction with the embedded content if you have an account and are logged in to that website.<\/p>\n<!-- \/wp:paragraph -->\n<!-- wp:heading -->\n<h2 class=\"wp-block-heading\">Who we share your data with<\/h2>\n<!-- \/wp:heading -->\n<!-- wp:paragraph -->\n<p><strong class=\"privacy-policy-tutorial\">Suggested text: <\/strong>If you request a password reset, your IP address will be included in the reset email.<\/p>\n<!-- \/wp:paragraph -->\n<!-- wp:heading -->\n<h2 class=\"wp-block-heading\">How long we retain your data<\/h2>\n<!-- \/wp:heading -->\n<!-- wp:paragraph -->\n<p><strong class=\"privacy-policy-tutorial\">Suggested text: <\/strong>If you leave a comment, the comment and its metadata are retained indefinitely. This is so we can recognize and approve any follow-up comments automatically instead of holding them in a moderation queue.<\/p>\n<!-- \/wp:paragraph -->\n<!-- wp:paragraph -->\n<p>For users that register on our website (if any), we also store the personal information they provide in their user profile. All users can see, edit, or delete their personal information at any time (except they cannot change their username). Website administrators can also see and edit that information.<\/p>\n<!-- \/wp:paragraph -->\n<!-- wp:heading -->\n<h2 class=\"wp-block-heading\">What rights you have over your data<\/h2>\n<!-- \/wp:heading -->\n<!-- wp:paragraph -->\n<p><strong class=\"privacy-policy-tutorial\">Suggested text: <\/strong>If you have an account on this site, or have left comments, you can request to receive an exported file of the personal data we hold about you, including any data you have provided to us. You can also request that we erase any personal data we hold about you. This does not include any data we are obliged to keep for administrative, legal, or security purposes.<\/p>\n<!-- \/wp:paragraph -->\n<!-- wp:heading -->\n<h2 class=\"wp-block-heading\">Where your data is sent<\/h2>\n<!-- \/wp:heading -->\n<!-- wp:paragraph -->\n<p><strong class=\"privacy-policy-tutorial\">Suggested text: <\/strong>Visitor comments may be checked through an automated spam detection service.<\/p>\n<!-- \/wp:paragraph -->\n","_et_gb_content_width":"","footnotes":""},"class_list":["post-3","page","type-page","status-publish","hentry"],"_links":{"self":[{"href":"https:\/\/sanoark.fi\/index.php?rest_route=\/wp\/v2\/pages\/3","targetHints":{"allow":["GET"]}}],"collection":[{"href":"https:\/\/sanoark.fi\/index.php?rest_route=\/wp\/v2\/pages"}],"about":[{"href":"https:\/\/sanoark.fi\/index.php?rest_route=\/wp\/v2\/types\/page"}],"author":[{"embeddable":true,"href":"https:\/\/sanoark.fi\/index.php?rest_route=\/wp\/v2\/users\/1"}],"replies":[{"embeddable":true,"href":"https:\/\/sanoark.fi\/index.php?rest_route=%2Fwp%2Fv2%2Fcomments&post=3"}],"version-history":[{"count":7,"href":"https:\/\/sanoark.fi\/index.php?rest_route=\/wp\/v2\/pages\/3\/revisions"}],"predecessor-version":[{"id":610,"href":"https:\/\/sanoark.fi\/index.php?rest_route=\/wp\/v2\/pages\/3\/revisions\/610"}],"wp:attachment":[{"href":"https:\/\/sanoark.fi\/index.php?rest_route=%2Fwp%2Fv2%2Fmedia&parent=3"}],"curies":[{"name":"wp","href":"https:\/\/api.w.org\/{rel}","templated":true}]}}