{"id":462,"date":"2025-03-18T10:16:04","date_gmt":"2025-03-18T10:16:04","guid":{"rendered":"https:\/\/sanoark.fi\/?page_id=462"},"modified":"2025-11-25T13:18:48","modified_gmt":"2025-11-25T13:18:48","slug":"laskutustiedot","status":"publish","type":"page","link":"https:\/\/sanoark.fi\/?page_id=462","title":{"rendered":"laskutustiedot"},"content":{"rendered":"<p>[et_pb_section fb_built=&#8221;1&#8243; admin_label=&#8221;section&#8221; _builder_version=&#8221;4.16&#8243; global_colors_info=&#8221;{}&#8221;][et_pb_row admin_label=&#8221;row&#8221; _builder_version=&#8221;4.16&#8243; background_size=&#8221;initial&#8221; background_position=&#8221;top_left&#8221; background_repeat=&#8221;repeat&#8221; global_colors_info=&#8221;{}&#8221;][et_pb_column type=&#8221;4_4&#8243; _builder_version=&#8221;4.16&#8243; custom_padding=&#8221;|||&#8221; global_colors_info=&#8221;{}&#8221; custom_padding__hover=&#8221;|||&#8221;][et_pb_text admin_label=&#8221;Text&#8221; _builder_version=&#8221;4.27.4&#8243; background_size=&#8221;initial&#8221; background_position=&#8221;top_left&#8221; background_repeat=&#8221;repeat&#8221; global_colors_info=&#8221;{}&#8221;]<\/p>\n<p><span style=\"font-size: xx-large;\"><b>Laskutustiedot<\/b><\/span><\/p>\n<p><span style=\"font-size: xx-large;\"><b><\/b><\/span><\/p>\n<p><b><\/b><\/p>\n<div class=\"et_pb_column et_pb_column_1_2 et_pb_column_1  et_pb_css_mix_blend_mode_passthrough\">\n<div class=\"et_pb_module et_pb_text et_pb_text_0  et_pb_text_align_left et_pb_bg_layout_light\">\n<div class=\"et_pb_text_inner\">\n<p>SANO Arkkitehdit Oy<\/p>\n<p>info@sanoark.fi<\/p>\n<p>Kokkokallionrinne 1 A 2, 01380 Vantaa<\/p>\n<p>y-tunnus: 3147706-3<\/p>\n<p>&nbsp;<\/p>\n<\/div>\n<\/div>\n<\/div>\n<div class=\"et_pb_column et_pb_column_1_2 et_pb_column_2  et_pb_css_mix_blend_mode_passthrough et-last-child\">\n<div class=\"et_pb_module et_pb_text et_pb_text_1  et_pb_text_align_left et_pb_bg_layout_light\">\n<div class=\"et_pb_text_inner\">\n<p>Verkkolaskuosoite:<span>\u00a0<\/span><span>003731477063<\/span><\/p>\n<p><span>Operaattori: Maventa (003721291126)<\/span><\/p>\n<p>V\u00e4litt\u00e4j\u00e4tunnus pankkiverkosta l\u00e4hetett\u00e4ess\u00e4: DABAFIHH<\/p>\n<p>Laskujen vastaanotto s\u00e4hk\u00f6postitse:<span>\u00a0<\/span><span>31477063@scan.netvisor.fi<\/span><\/p>\n<p>Emme vastaanota paperilaskuja.<\/p>\n<\/div>\n<\/div>\n<\/div>\n<p>&nbsp;<\/p>\n<p>&nbsp;<\/p>\n<p>&nbsp;<\/p>\n<p>&nbsp;<\/p>\n<p>[\/et_pb_text][\/et_pb_column][\/et_pb_row][\/et_pb_section]<\/p>\n","protected":false},"excerpt":{"rendered":"<p>Laskutustiedot SANO Arkkitehdit Oy info@sanoark.fi Kokkokallionrinne 1 A 2, 01380 Vantaa y-tunnus: 3147706-3 &nbsp; Verkkolaskuosoite:\u00a0003731477063 Operaattori: Maventa (003721291126) V\u00e4litt\u00e4j\u00e4tunnus pankkiverkosta l\u00e4hetett\u00e4ess\u00e4: DABAFIHH Laskujen vastaanotto s\u00e4hk\u00f6postitse:\u00a031477063@scan.netvisor.fi Emme vastaanota paperilaskuja. &nbsp; &nbsp; &nbsp; &nbsp;<\/p>\n","protected":false},"author":2,"featured_media":0,"parent":0,"menu_order":0,"comment_status":"closed","ping_status":"closed","template":"","meta":{"_et_pb_use_builder":"on","_et_pb_old_content":"","_et_gb_content_width":"","footnotes":""},"class_list":["post-462","page","type-page","status-publish","hentry"],"_links":{"self":[{"href":"https:\/\/sanoark.fi\/index.php?rest_route=\/wp\/v2\/pages\/462","targetHints":{"allow":["GET"]}}],"collection":[{"href":"https:\/\/sanoark.fi\/index.php?rest_route=\/wp\/v2\/pages"}],"about":[{"href":"https:\/\/sanoark.fi\/index.php?rest_route=\/wp\/v2\/types\/page"}],"author":[{"embeddable":true,"href":"https:\/\/sanoark.fi\/index.php?rest_route=\/wp\/v2\/users\/2"}],"replies":[{"embeddable":true,"href":"https:\/\/sanoark.fi\/index.php?rest_route=%2Fwp%2Fv2%2Fcomments&post=462"}],"version-history":[{"count":8,"href":"https:\/\/sanoark.fi\/index.php?rest_route=\/wp\/v2\/pages\/462\/revisions"}],"predecessor-version":[{"id":606,"href":"https:\/\/sanoark.fi\/index.php?rest_route=\/wp\/v2\/pages\/462\/revisions\/606"}],"wp:attachment":[{"href":"https:\/\/sanoark.fi\/index.php?rest_route=%2Fwp%2Fv2%2Fmedia&parent=462"}],"curies":[{"name":"wp","href":"https:\/\/api.w.org\/{rel}","templated":true}]}}